{"id":9979,"date":"2025-07-04T11:34:29","date_gmt":"2025-07-04T11:34:29","guid":{"rendered":"https:\/\/ohoriginal.com\/?post_type=product&#038;p=9979"},"modified":"2025-07-04T11:43:20","modified_gmt":"2025-07-04T11:43:20","slug":"tableau-cozumel-copia","status":"publish","type":"product","link":"https:\/\/ohoriginal.com\/fr\/producto\/tableau-cozumel-copia\/","title":{"rendered":"Tableau Playa de Zahora"},"content":{"rendered":"<p>Tableau d\u00e9coratif peint \u00e0 la main dans son int\u00e9gralit\u00e9, par les artistes de notre \u00e9quipe. Nous r\u00e9alisons les travaux dans notre atelier de Barcelone, ce qui nous permet d&rsquo;obtenir des \u0153uvres de qualit\u00e9 et de conception avant-gardiste. Nous nous adaptons \u00e0 toutes les dimensions et \u00e0 tous les formats souhait\u00e9s par nos clients, en obtenant une complicit\u00e9 totale dans chaque \u0153uvre. Nous offrons le conseil direct de Montse D\u00edaz, peintre autodidacte avec plus de 20 ans d&rsquo;exp\u00e9rience dans le secteur de la d\u00e9coration, qui offrira sa vision artistique la plus appropri\u00e9e pour chaque \u0153uvre, en obtenant une complicit\u00e9 sp\u00e9ciale.<\/p>\n<p>Ce tableau peint \u00e0 la main est une \u0153uvre abstraite et textur\u00e9e qui \u00e9voque la s\u00e9r\u00e9nit\u00e9 et la force de la c\u00f4te. Les tons neutres du sable pr\u00e9dominent, comme les beiges chauds, qui se fondent avec un bleu turquoise profond et vibrant, sugg\u00e9rant l&rsquo;eau de la mer dans une crique ou sur le rivage d&rsquo;une plage.<\/p>\n","protected":false},"excerpt":{"rendered":"<p>Tableau d\u00e9coratif peint \u00e0 la main dans son int\u00e9gralit\u00e9, par les artistes de notre \u00e9quipe. Nous r\u00e9alisons les travaux dans notre atelier de Barcelone, ce qui nous permet d&rsquo;obtenir des \u0153uvres de qualit\u00e9 et de conception avant-gardiste. Nous nous adaptons \u00e0 toutes les dimensions et \u00e0 tous les formats souhait\u00e9s par nos clients, en obtenant &hellip;<\/p>\n<p class=\"read-more\"> <a class=\"\" href=\"https:\/\/ohoriginal.com\/fr\/producto\/tableau-cozumel-copia\/\"> <span class=\"screen-reader-text\">Tableau Playa de Zahora<\/span> Lire la suite\u00a0\u00bb<\/a><\/p>\n","protected":false},"featured_media":9982,"comment_status":"open","ping_status":"closed","template":"","meta":{"site-sidebar-layout":"default","site-content-layout":"default","ast-global-header-display":"","ast-main-header-display":"","ast-hfb-above-header-display":"","ast-hfb-below-header-display":"","ast-hfb-mobile-header-display":"","site-post-title":"","ast-breadcrumbs-content":"","ast-featured-img":"","footer-sml-layout":"","theme-transparent-header-meta":"default","adv-header-id-meta":"","stick-header-meta":"","header-above-stick-meta":"","header-main-stick-meta":"","header-below-stick-meta":""},"product_cat":[109,97,93,105],"product_tag":[],"acf":[],"_links":{"self":[{"href":"https:\/\/ohoriginal.com\/fr\/wp-json\/wp\/v2\/product\/9979"}],"collection":[{"href":"https:\/\/ohoriginal.com\/fr\/wp-json\/wp\/v2\/product"}],"about":[{"href":"https:\/\/ohoriginal.com\/fr\/wp-json\/wp\/v2\/types\/product"}],"replies":[{"embeddable":true,"href":"https:\/\/ohoriginal.com\/fr\/wp-json\/wp\/v2\/comments?post=9979"}],"wp:featuredmedia":[{"embeddable":true,"href":"https:\/\/ohoriginal.com\/fr\/wp-json\/wp\/v2\/media\/9982"}],"wp:attachment":[{"href":"https:\/\/ohoriginal.com\/fr\/wp-json\/wp\/v2\/media?parent=9979"}],"wp:term":[{"taxonomy":"product_cat","embeddable":true,"href":"https:\/\/ohoriginal.com\/fr\/wp-json\/wp\/v2\/product_cat?post=9979"},{"taxonomy":"product_tag","embeddable":true,"href":"https:\/\/ohoriginal.com\/fr\/wp-json\/wp\/v2\/product_tag?post=9979"}],"curies":[{"name":"wp","href":"https:\/\/api.w.org\/{rel}","templated":true}]}}