{"id":9490,"date":"2024-09-13T09:12:59","date_gmt":"2024-09-13T09:12:59","guid":{"rendered":"https:\/\/ohoriginal.com\/?post_type=product&#038;p=9490"},"modified":"2024-09-13T09:14:21","modified_gmt":"2024-09-13T09:14:21","slug":"tableau-rural-2","status":"publish","type":"product","link":"https:\/\/ohoriginal.com\/fr\/producto\/tableau-rural-2\/","title":{"rendered":"Tableau Rural 2"},"content":{"rendered":"<p>Tableau d\u00e9coratif peint \u00e0 la main dans son int\u00e9gralit\u00e9, par les artistes de notre \u00e9quipe. Nous r\u00e9alisons les travaux dans notre atelier de Barcelone, ce qui nous permet d&rsquo;obtenir des \u0153uvres de qualit\u00e9 et de conception avant-gardiste. Nous nous adaptons \u00e0 toutes les dimensions et \u00e0 tous les formats souhait\u00e9s par nos clients, en obtenant une complicit\u00e9 totale dans chaque \u0153uvre. Nous offrons le conseil direct de Montse D\u00edaz, peintre autodidacte avec plus de 20 ans d&rsquo;exp\u00e9rience dans le secteur de la d\u00e9coration, qui offrira sa vision artistique la plus appropri\u00e9e pour chaque \u0153uvre, en obtenant une complicit\u00e9 sp\u00e9ciale.<\/p>\n","protected":false},"excerpt":{"rendered":"<p>Tableau d\u00e9coratif peint \u00e0 la main dans son int\u00e9gralit\u00e9, par les artistes de notre \u00e9quipe. Nous r\u00e9alisons les travaux dans notre atelier de Barcelone, ce qui nous permet d&rsquo;obtenir des \u0153uvres de qualit\u00e9 et de conception avant-gardiste. Nous nous adaptons \u00e0 toutes les dimensions et \u00e0 tous les formats souhait\u00e9s par nos clients, en obtenant &hellip;<\/p>\n<p class=\"read-more\"> <a class=\"\" href=\"https:\/\/ohoriginal.com\/fr\/producto\/tableau-rural-2\/\"> <span class=\"screen-reader-text\">Tableau Rural 2<\/span> Lire la suite\u00a0\u00bb<\/a><\/p>\n","protected":false},"featured_media":9482,"comment_status":"open","ping_status":"closed","template":"","meta":{"site-sidebar-layout":"default","site-content-layout":"default","ast-global-header-display":"","ast-main-header-display":"","ast-hfb-above-header-display":"","ast-hfb-below-header-display":"","ast-hfb-mobile-header-display":"","site-post-title":"","ast-breadcrumbs-content":"","ast-featured-img":"","footer-sml-layout":"","theme-transparent-header-meta":"default","adv-header-id-meta":"","stick-header-meta":"","header-above-stick-meta":"","header-main-stick-meta":"","header-below-stick-meta":""},"product_cat":[110,93,105],"product_tag":[],"acf":[],"_links":{"self":[{"href":"https:\/\/ohoriginal.com\/fr\/wp-json\/wp\/v2\/product\/9490"}],"collection":[{"href":"https:\/\/ohoriginal.com\/fr\/wp-json\/wp\/v2\/product"}],"about":[{"href":"https:\/\/ohoriginal.com\/fr\/wp-json\/wp\/v2\/types\/product"}],"replies":[{"embeddable":true,"href":"https:\/\/ohoriginal.com\/fr\/wp-json\/wp\/v2\/comments?post=9490"}],"wp:featuredmedia":[{"embeddable":true,"href":"https:\/\/ohoriginal.com\/fr\/wp-json\/wp\/v2\/media\/9482"}],"wp:attachment":[{"href":"https:\/\/ohoriginal.com\/fr\/wp-json\/wp\/v2\/media?parent=9490"}],"wp:term":[{"taxonomy":"product_cat","embeddable":true,"href":"https:\/\/ohoriginal.com\/fr\/wp-json\/wp\/v2\/product_cat?post=9490"},{"taxonomy":"product_tag","embeddable":true,"href":"https:\/\/ohoriginal.com\/fr\/wp-json\/wp\/v2\/product_tag?post=9490"}],"curies":[{"name":"wp","href":"https:\/\/api.w.org\/{rel}","templated":true}]}}