{"id":9101,"date":"2024-02-19T11:31:29","date_gmt":"2024-02-19T11:31:29","guid":{"rendered":"https:\/\/ohoriginal.com\/?post_type=product&#038;p=9101"},"modified":"2024-02-19T11:41:31","modified_gmt":"2024-02-19T11:41:31","slug":"tableau-cala-varques-copia","status":"publish","type":"product","link":"https:\/\/ohoriginal.com\/fr\/producto\/tableau-cala-varques-copia\/","title":{"rendered":"Tableau Cala Binidali"},"content":{"rendered":"<p>Tableau original peint \u00e0 la main \u00e0 l&rsquo;acrylique sur toile, avec texture combin\u00e9e au mastic plastique. Des couleurs blanches combin\u00e9es \u00e0 diff\u00e9rentes nuances de brun, avec cette touche de lumi\u00e8re apport\u00e9e par la couleur bleu turquoise, qui rappelle l&rsquo;\u00eele de Menorca<\/p>\n","protected":false},"excerpt":{"rendered":"<p>Tableau original peint \u00e0 la main \u00e0 l&rsquo;acrylique sur toile, avec texture combin\u00e9e au mastic plastique. Des couleurs blanches combin\u00e9es \u00e0 diff\u00e9rentes nuances de brun, avec cette touche de lumi\u00e8re apport\u00e9e par la couleur bleu turquoise, qui rappelle l&rsquo;\u00eele de Menorca<\/p>\n","protected":false},"featured_media":9104,"comment_status":"open","ping_status":"closed","template":"","meta":{"site-sidebar-layout":"default","site-content-layout":"default","ast-global-header-display":"","ast-main-header-display":"","ast-hfb-above-header-display":"","ast-hfb-below-header-display":"","ast-hfb-mobile-header-display":"","site-post-title":"","ast-breadcrumbs-content":"","ast-featured-img":"","footer-sml-layout":"","theme-transparent-header-meta":"default","adv-header-id-meta":"","stick-header-meta":"","header-above-stick-meta":"","header-main-stick-meta":"","header-below-stick-meta":""},"product_cat":[110,109,97,93,105],"product_tag":[],"acf":[],"_links":{"self":[{"href":"https:\/\/ohoriginal.com\/fr\/wp-json\/wp\/v2\/product\/9101"}],"collection":[{"href":"https:\/\/ohoriginal.com\/fr\/wp-json\/wp\/v2\/product"}],"about":[{"href":"https:\/\/ohoriginal.com\/fr\/wp-json\/wp\/v2\/types\/product"}],"replies":[{"embeddable":true,"href":"https:\/\/ohoriginal.com\/fr\/wp-json\/wp\/v2\/comments?post=9101"}],"wp:featuredmedia":[{"embeddable":true,"href":"https:\/\/ohoriginal.com\/fr\/wp-json\/wp\/v2\/media\/9104"}],"wp:attachment":[{"href":"https:\/\/ohoriginal.com\/fr\/wp-json\/wp\/v2\/media?parent=9101"}],"wp:term":[{"taxonomy":"product_cat","embeddable":true,"href":"https:\/\/ohoriginal.com\/fr\/wp-json\/wp\/v2\/product_cat?post=9101"},{"taxonomy":"product_tag","embeddable":true,"href":"https:\/\/ohoriginal.com\/fr\/wp-json\/wp\/v2\/product_tag?post=9101"}],"curies":[{"name":"wp","href":"https:\/\/api.w.org\/{rel}","templated":true}]}}