{"id":7844,"date":"2023-01-26T16:02:10","date_gmt":"2023-01-26T16:02:10","guid":{"rendered":"https:\/\/ohoriginal.com\/?post_type=product&#038;p=7844"},"modified":"2023-03-06T10:45:09","modified_gmt":"2023-03-06T10:45:09","slug":"tableau-inflexion-copia","status":"publish","type":"product","link":"https:\/\/ohoriginal.com\/fr\/producto\/tableau-inflexion-copia\/","title":{"rendered":"Tableau Atardecer 1"},"content":{"rendered":"<p>Tableau d\u00e9coratif peint \u00e0 la main dans son int\u00e9gralit\u00e9, par les artistes de notre \u00e9quipe. Nous r\u00e9alisons les travaux dans notre Atelier \u00e0 Barcelone, en r\u00e9alisant des travaux de qualit\u00e9 et de design d&rsquo;avant-garde. Nous nous adaptons \u00e0 toutes les tailles et \u00e0 tous les formats souhait\u00e9s par nos clients, en obtenant une complicit\u00e9 totale dans chaque travail. Nous vous proposons les conseils directs de Montse D\u00edaz, peintre autodidacte ayant plus de 20 ans d&rsquo;exp\u00e9rience dans le secteur de la d\u00e9coration, qui vous offrira sa vision artistique la plus adapt\u00e9e \u00e0 chaque \u0153uvre, en obtenant une complicit\u00e9 particuli\u00e8re.<\/p>\n","protected":false},"excerpt":{"rendered":"<p>Tableau d\u00e9coratif peint \u00e0 la main dans son int\u00e9gralit\u00e9, par les artistes de notre \u00e9quipe. Nous r\u00e9alisons les travaux dans notre Atelier \u00e0 Barcelone, en r\u00e9alisant des travaux de qualit\u00e9 et de design d&rsquo;avant-garde. Nous nous adaptons \u00e0 toutes les tailles et \u00e0 tous les formats souhait\u00e9s par nos clients, en obtenant une complicit\u00e9 totale &hellip;<\/p>\n<p class=\"read-more\"> <a class=\"\" href=\"https:\/\/ohoriginal.com\/fr\/producto\/tableau-inflexion-copia\/\"> <span class=\"screen-reader-text\">Tableau Atardecer 1<\/span> Lire la suite\u00a0\u00bb<\/a><\/p>\n","protected":false},"featured_media":4082,"comment_status":"open","ping_status":"closed","template":"","meta":{"site-sidebar-layout":"default","site-content-layout":"default","ast-global-header-display":"","ast-main-header-display":"","ast-hfb-above-header-display":"","ast-hfb-below-header-display":"","ast-hfb-mobile-header-display":"","site-post-title":"","ast-breadcrumbs-content":"","ast-featured-img":"","footer-sml-layout":"","theme-transparent-header-meta":"default","adv-header-id-meta":"","stick-header-meta":"","header-above-stick-meta":"","header-main-stick-meta":"","header-below-stick-meta":""},"product_cat":[110,93],"product_tag":[],"acf":[],"_links":{"self":[{"href":"https:\/\/ohoriginal.com\/fr\/wp-json\/wp\/v2\/product\/7844"}],"collection":[{"href":"https:\/\/ohoriginal.com\/fr\/wp-json\/wp\/v2\/product"}],"about":[{"href":"https:\/\/ohoriginal.com\/fr\/wp-json\/wp\/v2\/types\/product"}],"replies":[{"embeddable":true,"href":"https:\/\/ohoriginal.com\/fr\/wp-json\/wp\/v2\/comments?post=7844"}],"wp:featuredmedia":[{"embeddable":true,"href":"https:\/\/ohoriginal.com\/fr\/wp-json\/wp\/v2\/media\/4082"}],"wp:attachment":[{"href":"https:\/\/ohoriginal.com\/fr\/wp-json\/wp\/v2\/media?parent=7844"}],"wp:term":[{"taxonomy":"product_cat","embeddable":true,"href":"https:\/\/ohoriginal.com\/fr\/wp-json\/wp\/v2\/product_cat?post=7844"},{"taxonomy":"product_tag","embeddable":true,"href":"https:\/\/ohoriginal.com\/fr\/wp-json\/wp\/v2\/product_tag?post=7844"}],"curies":[{"name":"wp","href":"https:\/\/api.w.org\/{rel}","templated":true}]}}