{"id":10196,"date":"2025-12-23T14:00:22","date_gmt":"2025-12-23T14:00:22","guid":{"rendered":"https:\/\/ohoriginal.com\/?post_type=product&#038;p=10196"},"modified":"2025-12-23T14:07:43","modified_gmt":"2025-12-23T14:07:43","slug":"tableau-la-toscana-diptico-copia","status":"publish","type":"product","link":"https:\/\/ohoriginal.com\/fr\/producto\/tableau-la-toscana-diptico-copia\/","title":{"rendered":"Tableau La Calma D\u00edptico"},"content":{"rendered":"<p>Apportez s\u00e9r\u00e9nit\u00e9 et sophistication \u00e0 votre int\u00e9rieur avec l&rsquo;ensemble LA CALMA. Cette paire de toiles abstraites combine la force du vert profond avec la chaleur des tons ocres et la lumi\u00e8re du blanc cass\u00e9. Une \u0153uvre \u00e9quilibr\u00e9e, id\u00e9ale pour ceux qui recherchent une d\u00e9coration contemporaine inspir\u00e9e de paysages organiques et brumeux. Le cadre d\u00e9coratif n&rsquo;est pas inclus. Le prix indiqu\u00e9 dans le menu d\u00e9roulant comprend les deux tableaux.<\/p>\n<p>Tableau d\u00e9coratif peint \u00e0 la main dans son int\u00e9gralit\u00e9, par les artistes de notre \u00e9quipe. Nous r\u00e9alisons les travaux dans notre atelier de Barcelone, ce qui nous permet d&rsquo;obtenir des \u0153uvres de qualit\u00e9 et de conception avant-gardiste. Nous nous adaptons \u00e0 toutes les dimensions et \u00e0 tous les formats souhait\u00e9s par nos clients, en obtenant une complicit\u00e9 totale dans chaque \u0153uvre. Nous offrons le conseil direct de Montse D\u00edaz, peintre autodidacte avec plus de 20 ans d&rsquo;exp\u00e9rience dans le secteur de la d\u00e9coration, qui offrira sa vision artistique la plus appropri\u00e9e pour chaque \u0153uvre, en obtenant une complicit\u00e9 sp\u00e9ciale.<\/p>\n<p>&nbsp;<\/p>\n<p>&nbsp;<\/p>\n","protected":false},"excerpt":{"rendered":"<p>Apportez s\u00e9r\u00e9nit\u00e9 et sophistication \u00e0 votre int\u00e9rieur avec l&rsquo;ensemble LA CALMA. Cette paire de toiles abstraites combine la force du vert profond avec la chaleur des tons ocres et la lumi\u00e8re du blanc cass\u00e9. Une \u0153uvre \u00e9quilibr\u00e9e, id\u00e9ale pour ceux qui recherchent une d\u00e9coration contemporaine inspir\u00e9e de paysages organiques et brumeux. Le cadre d\u00e9coratif n&rsquo;est &hellip;<\/p>\n<p class=\"read-more\"> <a class=\"\" href=\"https:\/\/ohoriginal.com\/fr\/producto\/tableau-la-toscana-diptico-copia\/\"> <span class=\"screen-reader-text\">Tableau La Calma D\u00edptico<\/span> Lire la suite\u00a0\u00bb<\/a><\/p>\n","protected":false},"featured_media":10202,"comment_status":"open","ping_status":"closed","template":"","meta":{"site-sidebar-layout":"default","site-content-layout":"default","ast-global-header-display":"","ast-main-header-display":"","ast-hfb-above-header-display":"","ast-hfb-below-header-display":"","ast-hfb-mobile-header-display":"","site-post-title":"","ast-breadcrumbs-content":"","ast-featured-img":"","footer-sml-layout":"","theme-transparent-header-meta":"default","adv-header-id-meta":"","stick-header-meta":"","header-above-stick-meta":"","header-main-stick-meta":"","header-below-stick-meta":""},"product_cat":[109,93,105],"product_tag":[],"acf":[],"_links":{"self":[{"href":"https:\/\/ohoriginal.com\/fr\/wp-json\/wp\/v2\/product\/10196"}],"collection":[{"href":"https:\/\/ohoriginal.com\/fr\/wp-json\/wp\/v2\/product"}],"about":[{"href":"https:\/\/ohoriginal.com\/fr\/wp-json\/wp\/v2\/types\/product"}],"replies":[{"embeddable":true,"href":"https:\/\/ohoriginal.com\/fr\/wp-json\/wp\/v2\/comments?post=10196"}],"wp:featuredmedia":[{"embeddable":true,"href":"https:\/\/ohoriginal.com\/fr\/wp-json\/wp\/v2\/media\/10202"}],"wp:attachment":[{"href":"https:\/\/ohoriginal.com\/fr\/wp-json\/wp\/v2\/media?parent=10196"}],"wp:term":[{"taxonomy":"product_cat","embeddable":true,"href":"https:\/\/ohoriginal.com\/fr\/wp-json\/wp\/v2\/product_cat?post=10196"},{"taxonomy":"product_tag","embeddable":true,"href":"https:\/\/ohoriginal.com\/fr\/wp-json\/wp\/v2\/product_tag?post=10196"}],"curies":[{"name":"wp","href":"https:\/\/api.w.org\/{rel}","templated":true}]}}