{"id":10019,"date":"2025-07-04T11:57:01","date_gmt":"2025-07-04T11:57:01","guid":{"rendered":"https:\/\/ohoriginal.com\/?post_type=product&#038;p=10019"},"modified":"2025-07-04T12:05:24","modified_gmt":"2025-07-04T12:05:24","slug":"tableau-sa-conca-copia","status":"publish","type":"product","link":"https:\/\/ohoriginal.com\/fr\/producto\/tableau-sa-conca-copia\/","title":{"rendered":"Tableau El Palmar Diptico"},"content":{"rendered":"<p>Tableau d\u00e9coratif peint \u00e0 la main dans son int\u00e9gralit\u00e9, par les artistes de notre \u00e9quipe. Nous r\u00e9alisons les travaux dans notre atelier de Barcelone, ce qui nous permet d&rsquo;obtenir des \u0153uvres de qualit\u00e9 et de conception avant-gardiste. Nous nous adaptons \u00e0 toutes les dimensions et \u00e0 tous les formats souhait\u00e9s par nos clients, en obtenant une complicit\u00e9 totale dans chaque \u0153uvre. Nous offrons le conseil direct de Montse D\u00edaz, peintre autodidacte avec plus de 20 ans d&rsquo;exp\u00e9rience dans le secteur de la d\u00e9coration, qui offrira sa vision artistique la plus appropri\u00e9e pour chaque \u0153uvre, en obtenant une complicit\u00e9 sp\u00e9ciale.<\/p>\n<p>Ce tableau se distingue par une composition en relief avec des pigments \u00e9pais en blanc cass\u00e9 superpos\u00e9s sur un fond dans les tons terre, beige et sable. L&rsquo;\u0153uvre capte l&rsquo;attention par ses couches textur\u00e9es et sa palette neutre, cr\u00e9ant une impression naturelle d&rsquo;un rivage \u00e9rod\u00e9 ou d&rsquo;une surface pierreuse. Les transitions douces et les surplombs blanc cass\u00e9 ajoutent du dynamisme et de la profondeur. \u0152uvre tr\u00e8s textur\u00e9e<\/p>\n","protected":false},"excerpt":{"rendered":"<p>Tableau d\u00e9coratif peint \u00e0 la main dans son int\u00e9gralit\u00e9, par les artistes de notre \u00e9quipe. Nous r\u00e9alisons les travaux dans notre atelier de Barcelone, ce qui nous permet d&rsquo;obtenir des \u0153uvres de qualit\u00e9 et de conception avant-gardiste. Nous nous adaptons \u00e0 toutes les dimensions et \u00e0 tous les formats souhait\u00e9s par nos clients, en obtenant &hellip;<\/p>\n<p class=\"read-more\"> <a class=\"\" href=\"https:\/\/ohoriginal.com\/fr\/producto\/tableau-sa-conca-copia\/\"> <span class=\"screen-reader-text\">Tableau El Palmar Diptico<\/span> Lire la suite\u00a0\u00bb<\/a><\/p>\n","protected":false},"featured_media":10022,"comment_status":"open","ping_status":"closed","template":"","meta":{"site-sidebar-layout":"default","site-content-layout":"default","ast-global-header-display":"","ast-main-header-display":"","ast-hfb-above-header-display":"","ast-hfb-below-header-display":"","ast-hfb-mobile-header-display":"","site-post-title":"","ast-breadcrumbs-content":"","ast-featured-img":"","footer-sml-layout":"","theme-transparent-header-meta":"default","adv-header-id-meta":"","stick-header-meta":"","header-above-stick-meta":"","header-main-stick-meta":"","header-below-stick-meta":""},"product_cat":[109,97,93,105],"product_tag":[],"acf":[],"_links":{"self":[{"href":"https:\/\/ohoriginal.com\/fr\/wp-json\/wp\/v2\/product\/10019"}],"collection":[{"href":"https:\/\/ohoriginal.com\/fr\/wp-json\/wp\/v2\/product"}],"about":[{"href":"https:\/\/ohoriginal.com\/fr\/wp-json\/wp\/v2\/types\/product"}],"replies":[{"embeddable":true,"href":"https:\/\/ohoriginal.com\/fr\/wp-json\/wp\/v2\/comments?post=10019"}],"wp:featuredmedia":[{"embeddable":true,"href":"https:\/\/ohoriginal.com\/fr\/wp-json\/wp\/v2\/media\/10022"}],"wp:attachment":[{"href":"https:\/\/ohoriginal.com\/fr\/wp-json\/wp\/v2\/media?parent=10019"}],"wp:term":[{"taxonomy":"product_cat","embeddable":true,"href":"https:\/\/ohoriginal.com\/fr\/wp-json\/wp\/v2\/product_cat?post=10019"},{"taxonomy":"product_tag","embeddable":true,"href":"https:\/\/ohoriginal.com\/fr\/wp-json\/wp\/v2\/product_tag?post=10019"}],"curies":[{"name":"wp","href":"https:\/\/api.w.org\/{rel}","templated":true}]}}