{"id":6296,"date":"2022-07-20T09:58:21","date_gmt":"2022-07-20T09:58:21","guid":{"rendered":"https:\/\/ohoriginal.com\/politique-de-confidentialite\/"},"modified":"2022-11-22T10:48:47","modified_gmt":"2022-11-22T10:48:47","slug":"politique-de-confidentialite","status":"publish","type":"page","link":"https:\/\/ohoriginal.com\/fr\/politique-de-confidentialite\/","title":{"rendered":"Politique de confidentialit\u00e9"},"content":{"rendered":"\n<p>PROTECTION DES DONN\u00c9ES<\/p>\n\n<p>Nous traitons les donn\u00e9es personnelles (nom, pr\u00e9nom, soci\u00e9t\u00e9, e-mail, adresse, num\u00e9ro de t\u00e9l\u00e9phone) fournies par le client conform\u00e9ment \u00e0 la loi espagnole sur la protection des donn\u00e9es (Ley Org\u00e1nica de Datos Personales). Les donn\u00e9es personnelles qui nous sont transmises par le client, si elles ne sont pas n\u00e9cessaires \u00e0 des fins de clarification, d&rsquo;\u00e9change ou de toute autre modification, ne seront utilis\u00e9es que pour l&rsquo;ex\u00e9cution de l&rsquo;achat et pour la livraison de la marchandise \u00e0 l&rsquo;adresse indiqu\u00e9e. L&rsquo;utilisation des donn\u00e9es des clients \u00e0 des fins de publicit\u00e9, de marketing ou pour l&rsquo;\u00e9laboration d&rsquo;offres requiert un consentement pr\u00e9alable. Cette autorisation est volontaire, vous avez donc la possibilit\u00e9 de retirer ce consentement \u00e0 tout moment. Les donn\u00e9es personnelles qui nous sont transmises par le client et qui sont n\u00e9cessaires \u00e0 l&rsquo;ex\u00e9cution des commandes ne seront utilis\u00e9es que pour l&rsquo;ex\u00e9cution des ventes. Les donn\u00e9es des utilisateurs sont individuelles et permettent d&rsquo;identifier les utilisateurs. Nous traitons ces donn\u00e9es \u00e0 des fins de publicit\u00e9, d&rsquo;\u00e9tude de march\u00e9, d&rsquo;am\u00e9lioration de nos services de t\u00e9l\u00e9communication et de cr\u00e9ation de profils d&rsquo;utilisateurs. <\/p>\n\n<p>QUI G\u00c8RE VOS DONN\u00c9ES?<\/p>\n\n<p>OHORIGINAL BUSINESS SL<\/p>\n\n<p>B-65.578.650<\/p>\n\n<p>C\/ Francesc Maci\u00e0 49, 1\u00ba B<\/p>\n\n<p>08100 Mollet del Vall\u00e9s ( Espagne )<\/p>\n\n<p>Inscrit au registre du commerce Protocole 2433<\/p>\n\n<p>DROITS DES PARTIES INT\u00c9RESS\u00c9ES<\/p>\n\n<p>En tant que personne concern\u00e9e, vous disposez des droits suivants conform\u00e9ment au R\u00e8glement g\u00e9n\u00e9ral sur la protection des donn\u00e9es (RGPD) : &#8211; conform\u00e9ment \u00e0 l&rsquo;article 15 du RGPD, le droit, dans la mesure qui y est pr\u00e9cis\u00e9e, d&rsquo;obtenir des informations sur les donn\u00e9es \u00e0 caract\u00e8re personnel vous concernant que nous traitons ; &#8211; conform\u00e9ment \u00e0 l&rsquo;article 16 du RGPD, le droit d&rsquo;obtenir sans retard indu la rectification ou le compl\u00e9ment des donn\u00e9es \u00e0 caract\u00e8re personnel vous concernant ;<\/p>\n\n<p>&#8211; conform\u00e9ment \u00e0 l&rsquo;art. 17 GDPR, le droit d&rsquo;obtenir l&rsquo;effacement des donn\u00e9es personnelles le concernant, \u00e0 condition que le traitement ne soit pas n\u00e9cessaire :<\/p>\n\n<ul><li>d&rsquo;exercer le droit \u00e0 la libert\u00e9 d&rsquo;expression et d&rsquo;information,<\/li><li>pour l&rsquo;ex\u00e9cution d&rsquo;une obligation l\u00e9gale,<\/li><li>pour des raisons d&rsquo;int\u00e9r\u00eat public, ou<\/li><li>pour la formulation, l&rsquo;exercice ou la d\u00e9fense de revendications ;<\/li><\/ul>\n\n<p>&#8211; conform\u00e9ment \u00e0 l&rsquo;article 18 du GDPR, le droit d&rsquo;obtenir la limitation du traitement de leurs donn\u00e9es lorsque<\/p>\n\n<ul><li>la personne concern\u00e9e conteste l&rsquo;exactitude des donn\u00e9es,<\/li><li>le traitement est illicite et vous vous opposez \u00e0 l&rsquo;effacement des donn\u00e9es,<\/li><li>nous n&rsquo;avons plus besoin des donn\u00e9es mais vous en avez besoin pour la formulation, l&rsquo;exercice ou la d\u00e9fense de revendications, ou<\/li><li>vous vous \u00eates oppos\u00e9 au traitement conform\u00e9ment \u00e0 l&rsquo;article 21 du GDPR ;<\/li><\/ul>\n\n<p>&#8211; conform\u00e9ment \u00e0 l&rsquo;Art. 20 GDPR, le droit de recevoir les donn\u00e9es personnelles vous concernant que vous nous avez fournies dans un format structur\u00e9, couramment utilis\u00e9 et lisible par machine ou de demander qu&rsquo;elles soient transf\u00e9r\u00e9es \u00e0 un autre contr\u00f4leur ;<\/p>\n\n<p>&#8211; conform\u00e9ment \u00e0 l&rsquo;article 77 du GDPR, le droit de d\u00e9poser une plainte aupr\u00e8s d&rsquo;une autorit\u00e9 de surveillance. En r\u00e8gle g\u00e9n\u00e9rale, vous pouvez contacter l&rsquo;autorit\u00e9 de surveillance de votre lieu de r\u00e9sidence ou de travail habituel ou du si\u00e8ge social de notre soci\u00e9t\u00e9.<br\/>En Espagne:<\/p>\n\n<p>Agence espagnole de protection des donn\u00e9es<br\/>(AEPD)<br\/>Calle Jorge Juan, n\u00ba6<br\/>28001-Madrid<br\/>T\u00e9l\u00e9phone 901 100 099<br\/>https:\/\/www.aepd.es\/ \u00ab\u00a0<\/p>\n\n<p>Les utilisateurs ont et peuvent exercer leurs droits d&rsquo;acc\u00e8s, d&rsquo;annulation, de rectification et d&rsquo;opposition, ainsi que le droit d&rsquo;\u00eatre inform\u00e9s des transferts effectu\u00e9s en contactant Ohoriginal Business, SL par courrier \u00e9lectronique : info@home-original.com ou ohoriginalcuadro@gmailcom.<\/p>\n\n<p>Nous suivons les conversions gr\u00e2ce aux cookies des internautes.<\/p>\n\n<p>Les informations que nous traitons proviennent de: <\/p>\n\n<ul><li>Les donn\u00e9es que vous nous avez fournies directement<\/li><\/ul>\n\n<p>Dans ces cas, les informations nous ont \u00e9t\u00e9 fournies directement par vous via des cartes de visite ou des formulaires sur nos supports num\u00e9riques, comme le nom d&rsquo;utilisateur et le mot de passe, votre pr\u00e9nom, votre nom, votre adresse \u00e9lectronique, votre adresse postale, votre num\u00e9ro de t\u00e9l\u00e9phone ou vos coordonn\u00e9es bancaires.<\/p>\n\n<ul><li>Donn\u00e9es collect\u00e9es automatiquement par le biais de cookies<\/li><\/ul>\n\n<p>Nous recueillons \u00e9galement des informations par le biais de cookies ou de dispositifs de stockage et d&rsquo;extraction de donn\u00e9es sur votre navigation et votre utilisation de notre plateforme, de nos comptes de m\u00e9dias sociaux et de nos e-mails.<\/p>\n\n<p>QUELS SONT VOS DROITS EN CE QUI CONCERNE LES INFORMATIONS QUE NOUS TRAITONS?<\/p>\n\n<ul><li>Le droit de savoir si nous traitons vos donn\u00e9es personnelles, d&rsquo;y acc\u00e9der et de demander des informations sur la mani\u00e8re et les raisons pour lesquelles nous les traitons, et\/ou de demander une copie si vous le souhaitez.<\/li><li>Le droit de modifier les donn\u00e9es lorsqu&rsquo;elles sont incorrectes ou inexactes et de demander leur suppression lorsqu&rsquo;elles ne sont plus n\u00e9cessaires aux fins pour lesquelles elles ont \u00e9t\u00e9 collect\u00e9es.<\/li><li>Pour des raisons tenant \u00e0 votre situation particuli\u00e8re, vous avez le droit de vous opposer au traitement de vos donn\u00e9es et, le cas \u00e9ch\u00e9ant, de retirer votre consentement \u00e0 ce traitement.<\/li><li>Le droit de d\u00e9poser une plainte aupr\u00e8s de l&rsquo;Agence espagnole de protection des donn\u00e9es, comme indiqu\u00e9 sur son site web.<\/li><\/ul>\n\n<p>En ce qui concerne les donn\u00e9es que nous obtenons automatiquement par le biais des cookies, vous pouvez vous y opposer via les options de contr\u00f4le de votre navigateur ou les param\u00e8tres de votre appareil mobile ou autre avec lequel vous acc\u00e9dez \u00e0 nos m\u00e9dias num\u00e9riques. Vous pouvez le consulter dans les navigateurs les plus courants en cliquant sur les liens suivants : <\/p>\n\n<ul><li>MOZILA FIREFOX<\/li><li>INTERNET EXPLORER<\/li><li>GOOGLE CROME<\/li><\/ul>\n\n<p> * CHROME POUR ANDROID<\/p>\n\n<ul><li>SAFARI SUR MAC OS<\/li><li>MOZILA FIREFOX POUR ANDROID<\/li><\/ul>\n\n<p>Vous pouvez exercer vos droits en envoyant un courrier \u00e9lectronique \u00e0 info@home-original.com ou ohoriginal@hotmail.es.<\/p>\n\n<p>COMBIEN DE TEMPS CONSERVONS-NOUS LES INFORMATIONS ?<\/p>\n\n<p>Nous les conserverons aussi longtemps qu&rsquo;ils seront n\u00e9cessaires \u00e0 la fourniture du service demand\u00e9 ou que vous retirerez votre consentement. Dans ces cas, elles resteront bloqu\u00e9es et ne pourront pas \u00eatre utilis\u00e9es tant qu&rsquo;elles seront n\u00e9cessaires \u00e0 l&rsquo;exercice ou \u00e0 la d\u00e9fense. Apr\u00e8s cette p\u00e9riode, il sera supprim\u00e9.<\/p>\n\n<p>O\u00d9 STOCKONS-NOUS VOS DONN\u00c9ES?<\/p>\n\n<p>Vos donn\u00e9es sont prot\u00e9g\u00e9es et ne seront pas divulgu\u00e9es \u00e0 qui que ce soit. Seul notre personnel qualifi\u00e9 y a acc\u00e8s. Conna\u00eetre l&rsquo;intimit\u00e9 et les limites, le secret de la m\u00eame chose. L&rsquo;acc\u00e8s est \u00e9galement disponible pour les autorit\u00e9s judiciaires ou publiques \u00e0 leur demande.<\/p>\n\n<p>Afin de traiter les informations que nous obtenons automatiquement sur la fa\u00e7on dont vous utilisez nos services, nous utilisons des cookies tiers, tels que les suivants :<\/p>\n\n<p>Les cookies de mesure, tels que Google Analytics, propri\u00e9t\u00e9 de Google, qui nous fournit un service de mesure et d&rsquo;analyse de l&rsquo;audience de notre site internet. <\/p>\n\n<p>Les cookies sociaux, tels que ceux de Facebook, Instagram, etc.<\/p>\n\n<p>QUE SONT LES COOKIES ?<\/p>\n\n<p>Un cookie est un \u00e9l\u00e9ment de donn\u00e9es, un fichier ou un dispositif de stockage et de r\u00e9cup\u00e9ration de donn\u00e9es, qui est t\u00e9l\u00e9charg\u00e9 sur votre appareil lorsque vous acc\u00e9dez \u00e0 notre site web, \u00e0 nos r\u00e9seaux sociaux ou que vous recevez un courriel. Ils permettent d&rsquo;obtenir des donn\u00e9es sur votre navigation sur les m\u00e9dias num\u00e9riques et sur l&rsquo;\u00e9quipement ou le dispositif \u00e0 partir duquel vous y acc\u00e9dez.<\/p>\n\n<p>Il existe diff\u00e9rents cookies:<\/p>\n\n<p>Cookies propres, tiers, de session, persistants, analytiques et\/ou de r\u00e9seaux sociaux.<\/p>\n\n<p>Chacun d&rsquo;eux cherche \u00e0 comprendre les habitudes et les informations relatives aux donn\u00e9es et \u00e0 l&rsquo;utilisation du web.<\/p>\n\n<p>BULLETIN \u00c9LECTRONIQUE<\/p>\n\n<p>\u00a0\u00bb Conform\u00e9ment \u00e0 l&rsquo;art. 6, paragraphe 1, alin\u00e9a 1, lettre a du GDPR, si nous avons obtenu votre consentement expr\u00e8s pr\u00e9alable \u00e0 votre inscription \u00e0 notre newsletter, nous utiliserons les donn\u00e9es n\u00e9cessaires \u00e0 cette fin pour vous envoyer des communications commerciales conform\u00e9ment \u00e0 ce consentement.<br\/>Vous pouvez vous d\u00e9sinscrire de la newsletter \u00e0 tout moment en envoyant un message \u00e0 notre adresse de contact d\u00e9crite ici ou en cliquant sur le lien de d\u00e9sinscription figurant dans l&rsquo;e-mail contenant la communication commerciale.<br\/>Apr\u00e8s la d\u00e9sinscription, nous bloquons votre adresse \u00e9lectronique pour cette utilisation, \u00e0 condition que vous n&rsquo;ayez pas donn\u00e9 votre consentement expr\u00e8s \u00e0 la poursuite de l&rsquo;utilisation des donn\u00e9es, ou nous nous r\u00e9servons le droit de continuer \u00e0 utiliser vos donn\u00e9es dans les cas autoris\u00e9s par la loi et dont nous vous informons dans ce document\u00a0\u00bb.<\/p>\n","protected":false},"excerpt":{"rendered":"<p>PROTECTION DES DONN\u00c9ES Nous traitons les donn\u00e9es personnelles (nom, pr\u00e9nom, soci\u00e9t\u00e9, e-mail, adresse, num\u00e9ro de t\u00e9l\u00e9phone) fournies par le client conform\u00e9ment \u00e0 la loi espagnole sur la protection des donn\u00e9es (Ley Org\u00e1nica de Datos Personales). Les donn\u00e9es personnelles qui nous sont transmises par le client, si elles ne sont pas n\u00e9cessaires \u00e0 des fins de &hellip;<\/p>\n<p class=\"read-more\"> <a class=\"\" href=\"https:\/\/ohoriginal.com\/fr\/politique-de-confidentialite\/\"> <span class=\"screen-reader-text\">Politique de confidentialit\u00e9<\/span> Lire la suite\u00a0\u00bb<\/a><\/p>\n","protected":false},"author":1,"featured_media":0,"parent":0,"menu_order":0,"comment_status":"closed","ping_status":"closed","template":"","meta":{"site-sidebar-layout":"default","site-content-layout":"default","ast-global-header-display":"","ast-main-header-display":"","ast-hfb-above-header-display":"","ast-hfb-below-header-display":"","ast-hfb-mobile-header-display":"","site-post-title":"","ast-breadcrumbs-content":"","ast-featured-img":"","footer-sml-layout":"","theme-transparent-header-meta":"default","adv-header-id-meta":"","stick-header-meta":"","header-above-stick-meta":"","header-main-stick-meta":"","header-below-stick-meta":""},"acf":[],"_links":{"self":[{"href":"https:\/\/ohoriginal.com\/fr\/wp-json\/wp\/v2\/pages\/6296"}],"collection":[{"href":"https:\/\/ohoriginal.com\/fr\/wp-json\/wp\/v2\/pages"}],"about":[{"href":"https:\/\/ohoriginal.com\/fr\/wp-json\/wp\/v2\/types\/page"}],"author":[{"embeddable":true,"href":"https:\/\/ohoriginal.com\/fr\/wp-json\/wp\/v2\/users\/1"}],"replies":[{"embeddable":true,"href":"https:\/\/ohoriginal.com\/fr\/wp-json\/wp\/v2\/comments?post=6296"}],"version-history":[{"count":1,"href":"https:\/\/ohoriginal.com\/fr\/wp-json\/wp\/v2\/pages\/6296\/revisions"}],"predecessor-version":[{"id":6297,"href":"https:\/\/ohoriginal.com\/fr\/wp-json\/wp\/v2\/pages\/6296\/revisions\/6297"}],"wp:attachment":[{"href":"https:\/\/ohoriginal.com\/fr\/wp-json\/wp\/v2\/media?parent=6296"}],"curies":[{"name":"wp","href":"https:\/\/api.w.org\/{rel}","templated":true}]}}