{"id":6293,"date":"2022-07-20T10:02:42","date_gmt":"2022-07-20T10:02:42","guid":{"rendered":"https:\/\/ohoriginal.com\/questions-frequemment-posees\/"},"modified":"2022-11-22T09:58:32","modified_gmt":"2022-11-22T09:58:32","slug":"questions-frequemment-posees","status":"publish","type":"page","link":"https:\/\/ohoriginal.com\/fr\/questions-frequemment-posees\/","title":{"rendered":"Questions fr\u00e9quemment pos\u00e9es"},"content":{"rendered":"\n<h2>Comment nous contacter?<\/h2>\n\n<p>Vous pouvez nous contacter par le biais de notre courriel : <a href=\"mailto:ohoriginalcuadro@gmail.com\">ohoriginalcuadro@gmail.com.<\/a><\/p>\n\n<h2>Comment travaillons-nous?<\/h2>\n\n<p>Nos tableaux peints \u00e0 la main sont r\u00e9alis\u00e9s dans notre atelier par des artistes nationaux. R\u00e9alis\u00e9 avec des techniques mixtes, collages, r\u00e9alisme&#8230; en essayant de combiner des couleurs et des motifs uniques pour d\u00e9corer vos pi\u00e8ces. Nos mat\u00e9riaux sont des mat\u00e9riaux nationaux de premi\u00e8re qualit\u00e9, garantissant une finition parfaite. Nous utilisons des techniques mixtes pour cr\u00e9er nos \u0153uvres. Nous innovons constamment pour obtenir des textures et des finitions diff\u00e9rentes. <\/p>\n\n<h2>D\u00e9lais de livraison?<\/h2>\n\n<p>Notre d\u00e9lai de livraison est de 15 \u00e0 20 jours. Nous livrons dans toute l&rsquo;Espagne et une partie de l&rsquo;Europe. Avec nos partenaires tels que SEUR et FEDEX, nous atteignons toutes les r\u00e9gions d&rsquo;Espagne et d&rsquo;Europe. Nos tableaux sont livr\u00e9s mont\u00e9s et pr\u00eats \u00e0 \u00eatre accroch\u00e9s au mur.<\/p>\n","protected":false},"excerpt":{"rendered":"<p>Comment nous contacter? Vous pouvez nous contacter par le biais de notre courriel : ohoriginalcuadro@gmail.com. Comment travaillons-nous? Nos tableaux peints \u00e0 la main sont r\u00e9alis\u00e9s dans notre atelier par des artistes nationaux. R\u00e9alis\u00e9 avec des techniques mixtes, collages, r\u00e9alisme&#8230; en essayant de combiner des couleurs et des motifs uniques pour d\u00e9corer vos pi\u00e8ces. Nos mat\u00e9riaux &hellip;<\/p>\n<p class=\"read-more\"> <a class=\"\" href=\"https:\/\/ohoriginal.com\/fr\/questions-frequemment-posees\/\"> <span class=\"screen-reader-text\">Questions fr\u00e9quemment pos\u00e9es<\/span> Lire la suite\u00a0\u00bb<\/a><\/p>\n","protected":false},"author":1,"featured_media":0,"parent":0,"menu_order":0,"comment_status":"closed","ping_status":"closed","template":"","meta":{"site-sidebar-layout":"default","site-content-layout":"default","ast-global-header-display":"","ast-main-header-display":"","ast-hfb-above-header-display":"","ast-hfb-below-header-display":"","ast-hfb-mobile-header-display":"","site-post-title":"","ast-breadcrumbs-content":"","ast-featured-img":"","footer-sml-layout":"","theme-transparent-header-meta":"default","adv-header-id-meta":"","stick-header-meta":"","header-above-stick-meta":"","header-main-stick-meta":"","header-below-stick-meta":""},"acf":[],"_links":{"self":[{"href":"https:\/\/ohoriginal.com\/fr\/wp-json\/wp\/v2\/pages\/6293"}],"collection":[{"href":"https:\/\/ohoriginal.com\/fr\/wp-json\/wp\/v2\/pages"}],"about":[{"href":"https:\/\/ohoriginal.com\/fr\/wp-json\/wp\/v2\/types\/page"}],"author":[{"embeddable":true,"href":"https:\/\/ohoriginal.com\/fr\/wp-json\/wp\/v2\/users\/1"}],"replies":[{"embeddable":true,"href":"https:\/\/ohoriginal.com\/fr\/wp-json\/wp\/v2\/comments?post=6293"}],"version-history":[{"count":1,"href":"https:\/\/ohoriginal.com\/fr\/wp-json\/wp\/v2\/pages\/6293\/revisions"}],"predecessor-version":[{"id":6294,"href":"https:\/\/ohoriginal.com\/fr\/wp-json\/wp\/v2\/pages\/6293\/revisions\/6294"}],"wp:attachment":[{"href":"https:\/\/ohoriginal.com\/fr\/wp-json\/wp\/v2\/media?parent=6293"}],"curies":[{"name":"wp","href":"https:\/\/api.w.org\/{rel}","templated":true}]}}